{"id":120,"date":"2025-08-08T09:53:21","date_gmt":"2025-08-08T09:53:21","guid":{"rendered":"https:\/\/blk-hia.com\/?page_id=120"},"modified":"2025-08-08T09:53:21","modified_gmt":"2025-08-08T09:53:21","slug":"justera-produktsidan","status":"publish","type":"page","link":"https:\/\/blk-hia.com\/?page_id=120","title":{"rendered":"Justera Produktsidan"},"content":{"rendered":"<p>Toppen \u2014 vi v\u00e4xlar din produkt (ID 90) till datumintervall d\u00e4r kunden kan v\u00e4lja samma datum (= 1 dag) eller flera dagar.<\/p>\n<p>K\u00f6r detta i shell<\/p>\n<p>cd \/var\/www\/html<br \/>\nwp eval &#8216;<br \/>\n$pid = 90;<br \/>\n$s = get_post_meta($pid, &#8220;woocommerce_booking_settings&#8221;, true);<br \/>\nif (!is_array($s)) { $s = array(); }<\/p>\n<p>\/* Date-only + Multi-days (Range) *\/<br \/>\n$s[&#8220;booking_enable_date&#8221;] = &#8220;on&#8221;; \/\/ datum P\u00c5<br \/>\n$s[&#8220;booking_enable_time&#8221;] = &#8220;&#8221;; \/\/ inga tider<br \/>\n$s[&#8220;booking_enable_multiple_day&#8221;] = &#8220;multidates&#8221;;<br \/>\n$s[&#8220;multidates_type&#8221;] = &#8220;range&#8221;;<\/p>\n<p>\/* Till\u00e5t samma dag = 1 dag, och upp till 10 dagar (\u00e4ndra vid behov) *\/<br \/>\n$s[&#8220;multidates_range_min&#8221;] = 1;<br \/>\n$s[&#8220;multidates_range_max&#8221;] = 10;<\/p>\n<p>\/* (Reservf\u00e4lt som vissa versioner l\u00e4ser) *\/<br \/>\n$s[&#8220;booking_minimum_number_days_multiple&#8221;] = 1;<br \/>\n$s[&#8220;booking_maximum_number_days_multiple&#8221;] = 10;<\/p>\n<p>\/* \u00d6vrigt som tidigare *\/<br \/>\n$s[&#8220;enable_inline_calendar&#8221;] = &#8220;on&#8221;;<br \/>\n$s[&#8220;booking_recurring_booking&#8221;] = &#8220;on&#8221;;<br \/>\n$s[&#8220;booking_specific_booking&#8221;] = &#8220;&#8221;; \/\/ bara recurring<br \/>\n$s[&#8220;booking_recurring&#8221;] = array(<br \/>\n&#8220;booking_weekday_0&#8221; =&gt; &#8220;on&#8221;,<br \/>\n&#8220;booking_weekday_1&#8221; =&gt; &#8220;on&#8221;,<br \/>\n&#8220;booking_weekday_2&#8221; =&gt; &#8220;on&#8221;,<br \/>\n&#8220;booking_weekday_3&#8221; =&gt; &#8220;on&#8221;,<br \/>\n&#8220;booking_weekday_4&#8221; =&gt; &#8220;on&#8221;,<br \/>\n&#8220;booking_weekday_5&#8221; =&gt; &#8220;on&#8221;,<br \/>\n&#8220;booking_weekday_6&#8221; =&gt; &#8220;on&#8221;,<br \/>\n);<br \/>\nupdate_post_meta($pid, &#8220;woocommerce_booking_settings&#8221;, $s);<br \/>\necho &#8220;OK\\n&#8221;;<br \/>\n&#8216;<br \/>\nwp litespeed-purge all || true<\/p>\n<p>&nbsp;<\/p>\n<p data-start=\"325\" data-end=\"381\">Vill du \u00e4ndra max antal dagar (nu 10)? K\u00f6r t.ex. max 30:<\/p>\n<p>wp &#8211;path=\/var\/www\/html eval &#8216;<br \/>\n$pid = 90;<br \/>\n$s = get_post_meta($pid, &#8220;woocommerce_booking_settings&#8221;, true);<br \/>\n$s[&#8220;multidates_range_max&#8221;] = 30;<br \/>\n$s[&#8220;booking_maximum_number_days_multiple&#8221;] = 30;<br \/>\nupdate_post_meta($pid, &#8220;woocommerce_booking_settings&#8221;, $s);<br \/>\necho &#8220;OK\\n&#8221;;<br \/>\n&#8216;<br \/>\nwp &#8211;path=\/var\/www\/html litespeed-purge all || true<\/p>\n","protected":false},"excerpt":{"rendered":"<p>Toppen \u2014 vi v\u00e4xlar din produkt (ID 90) till datumintervall d\u00e4r kunden kan v\u00e4lja samma datum (= 1 dag) eller [&hellip;]<\/p>\n","protected":false},"author":1,"featured_media":0,"parent":0,"menu_order":0,"comment_status":"closed","ping_status":"closed","template":"","meta":{"site-sidebar-layout":"default","site-content-layout":"","ast-site-content-layout":"default","site-content-style":"default","site-sidebar-style":"default","ast-global-header-display":"","ast-banner-title-visibility":"","ast-main-header-display":"","ast-hfb-above-header-display":"","ast-hfb-below-header-display":"","ast-hfb-mobile-header-display":"","site-post-title":"","ast-breadcrumbs-content":"","ast-featured-img":"","footer-sml-layout":"","theme-transparent-header-meta":"default","adv-header-id-meta":"","stick-header-meta":"","header-above-stick-meta":"","header-main-stick-meta":"","header-below-stick-meta":"","astra-migrate-meta-layouts":"set","ast-page-background-enabled":"default","ast-page-background-meta":{"desktop":{"background-color":"var(--ast-global-color-5)","background-image":"","background-repeat":"repeat","background-position":"center center","background-size":"auto","background-attachment":"scroll","background-type":"","background-media":"","overlay-type":"","overlay-color":"","overlay-opacity":"","overlay-gradient":""},"tablet":{"background-color":"","background-image":"","background-repeat":"repeat","background-position":"center center","background-size":"auto","background-attachment":"scroll","background-type":"","background-media":"","overlay-type":"","overlay-color":"","overlay-opacity":"","overlay-gradient":""},"mobile":{"background-color":"","background-image":"","background-repeat":"repeat","background-position":"center center","background-size":"auto","background-attachment":"scroll","background-type":"","background-media":"","overlay-type":"","overlay-color":"","overlay-opacity":"","overlay-gradient":""}},"ast-content-background-meta":{"desktop":{"background-color":"var(--ast-global-color-4)","background-image":"","background-repeat":"repeat","background-position":"center center","background-size":"auto","background-attachment":"scroll","background-type":"","background-media":"","overlay-type":"","overlay-color":"","overlay-opacity":"","overlay-gradient":""},"tablet":{"background-color":"var(--ast-global-color-4)","background-image":"","background-repeat":"repeat","background-position":"center center","background-size":"auto","background-attachment":"scroll","background-type":"","background-media":"","overlay-type":"","overlay-color":"","overlay-opacity":"","overlay-gradient":""},"mobile":{"background-color":"var(--ast-global-color-4)","background-image":"","background-repeat":"repeat","background-position":"center center","background-size":"auto","background-attachment":"scroll","background-type":"","background-media":"","overlay-type":"","overlay-color":"","overlay-opacity":"","overlay-gradient":""}},"footnotes":""},"class_list":["post-120","page","type-page","status-publish","hentry"],"_links":{"self":[{"href":"https:\/\/blk-hia.com\/index.php?rest_route=\/wp\/v2\/pages\/120","targetHints":{"allow":["GET"]}}],"collection":[{"href":"https:\/\/blk-hia.com\/index.php?rest_route=\/wp\/v2\/pages"}],"about":[{"href":"https:\/\/blk-hia.com\/index.php?rest_route=\/wp\/v2\/types\/page"}],"author":[{"embeddable":true,"href":"https:\/\/blk-hia.com\/index.php?rest_route=\/wp\/v2\/users\/1"}],"replies":[{"embeddable":true,"href":"https:\/\/blk-hia.com\/index.php?rest_route=%2Fwp%2Fv2%2Fcomments&post=120"}],"version-history":[{"count":1,"href":"https:\/\/blk-hia.com\/index.php?rest_route=\/wp\/v2\/pages\/120\/revisions"}],"predecessor-version":[{"id":121,"href":"https:\/\/blk-hia.com\/index.php?rest_route=\/wp\/v2\/pages\/120\/revisions\/121"}],"wp:attachment":[{"href":"https:\/\/blk-hia.com\/index.php?rest_route=%2Fwp%2Fv2%2Fmedia&parent=120"}],"curies":[{"name":"wp","href":"https:\/\/api.w.org\/{rel}","templated":true}]}}